{"id":9135,"date":"2025-12-06T09:02:15","date_gmt":"2025-12-06T09:02:15","guid":{"rendered":"https:\/\/roborises.com\/?post_type=product&#038;p=9135"},"modified":"2025-12-12T13:44:16","modified_gmt":"2025-12-12T13:44:16","slug":"bellabot-premium-delivery-robot","status":"publish","type":"product","link":"https:\/\/roborises.com\/index.php\/product\/bellabot-premium-delivery-robot\/","title":{"rendered":"Bellabot Premium Delivery Robot"},"content":{"rendered":"<h1>Bellabot Premium Delivery Robot<\/h1>\n<p>\u00a0<\/p>\n<table data-start=\"1364\" data-end=\"2453\">\n<thead data-start=\"1364\" data-end=\"1391\">\n<tr data-start=\"1364\" data-end=\"1391\">\n<th data-start=\"1364\" data-end=\"1380\" data-col-size=\"sm\">Specification<\/th>\n<th data-start=\"1380\" data-end=\"1391\" data-col-size=\"xl\">Details<\/th>\n<\/tr>\n<\/thead>\n<tbody data-start=\"1402\" data-end=\"2453\">\n<tr data-start=\"1402\" data-end=\"1462\">\n<td data-start=\"1402\" data-end=\"1427\" data-col-size=\"sm\"><strong data-start=\"1404\" data-end=\"1426\">Machine Dimensions<\/strong><\/td>\n<td data-col-size=\"xl\" data-start=\"1427\" data-end=\"1462\">565 \u00d7 537 \u00d7 1290 mm (W \u00d7 D \u00d7 H)<\/td>\n<\/tr>\n<tr data-start=\"1463\" data-end=\"1491\">\n<td data-start=\"1463\" data-end=\"1482\" data-col-size=\"sm\"><strong data-start=\"1465\" data-end=\"1481\">Robot Weight<\/strong><\/td>\n<td data-col-size=\"xl\" data-start=\"1482\" data-end=\"1491\">55 kg<\/td>\n<\/tr>\n<tr data-start=\"1492\" data-end=\"1547\">\n<td data-start=\"1492\" data-end=\"1507\" data-col-size=\"sm\"><strong data-start=\"1494\" data-end=\"1506\">Material<\/strong><\/td>\n<td data-col-size=\"xl\" data-start=\"1507\" data-end=\"1547\">ABS + Aviation\u2011grade aluminium alloy<\/td>\n<\/tr>\n<tr data-start=\"1548\" data-end=\"1604\">\n<td data-start=\"1548\" data-end=\"1567\" data-col-size=\"sm\"><strong data-start=\"1550\" data-end=\"1566\">Battery Life<\/strong><\/td>\n<td data-col-size=\"xl\" data-start=\"1567\" data-end=\"1604\">12\u201324 hours (replaceable battery)<\/td>\n<\/tr>\n<tr data-start=\"1605\" data-end=\"1640\">\n<td data-start=\"1605\" data-end=\"1625\" data-col-size=\"sm\"><strong data-start=\"1607\" data-end=\"1624\">Charging Time<\/strong><\/td>\n<td data-col-size=\"xl\" data-start=\"1625\" data-end=\"1640\">~\u202f4.5 hours<\/td>\n<\/tr>\n<tr data-start=\"1641\" data-end=\"1690\">\n<td data-start=\"1641\" data-end=\"1660\" data-col-size=\"sm\"><strong data-start=\"1643\" data-end=\"1659\">Cruise Speed<\/strong><\/td>\n<td data-col-size=\"xl\" data-start=\"1660\" data-end=\"1690\">0.5 \u2013 1.2 m\/s (adjustable)<\/td>\n<\/tr>\n<tr data-start=\"1691\" data-end=\"1747\">\n<td data-start=\"1691\" data-end=\"1715\" data-col-size=\"sm\"><strong data-start=\"1693\" data-end=\"1714\">Max Load Capacity<\/strong><\/td>\n<td data-col-size=\"xl\" data-start=\"1715\" data-end=\"1747\">40 kg total (10 kg per tray)<\/td>\n<\/tr>\n<tr data-start=\"1748\" data-end=\"1867\">\n<td data-start=\"1748\" data-end=\"1774\" data-col-size=\"sm\"><strong data-start=\"1750\" data-end=\"1773\">Tray Specifications<\/strong><\/td>\n<td data-col-size=\"xl\" data-start=\"1774\" data-end=\"1867\">Tray size: 410 \u00d7 500 mm; 4 trays with heights (from top): 230 mm, 200 mm, 200 mm, 180 mm.<\/td>\n<\/tr>\n<tr data-start=\"1868\" data-end=\"1969\">\n<td data-start=\"1868\" data-end=\"1899\" data-col-size=\"sm\"><strong data-start=\"1870\" data-end=\"1898\">Navigation \/ Positioning<\/strong><\/td>\n<td data-col-size=\"xl\" data-start=\"1899\" data-end=\"1969\">Dual SLAM \u2014 Laser SLAM &amp; Visual SLAM (marker-based or marker-free)<\/td>\n<\/tr>\n<tr data-start=\"1970\" data-end=\"2106\">\n<td data-start=\"1970\" data-end=\"1995\" data-col-size=\"sm\"><strong data-start=\"1972\" data-end=\"1994\">Obstacle Avoidance<\/strong><\/td>\n<td data-col-size=\"xl\" data-start=\"1995\" data-end=\"2106\">3D omnidirectional avoidance using RGBD depth cameras + chassis sensors; real-time detection and avoidance.<\/td>\n<\/tr>\n<tr data-start=\"2107\" data-end=\"2233\">\n<td data-start=\"2107\" data-end=\"2131\" data-col-size=\"sm\"><strong data-start=\"2109\" data-end=\"2130\">Interaction Modes<\/strong><\/td>\n<td data-col-size=\"xl\" data-start=\"2131\" data-end=\"2233\">Light signals, touch feedback (touch sensors), animated \u201cexpressions\u201d, optional voice interaction.<\/td>\n<\/tr>\n<tr data-start=\"2234\" data-end=\"2453\">\n<td data-start=\"2234\" data-end=\"2255\" data-col-size=\"sm\"><strong data-start=\"2236\" data-end=\"2254\">Other Features<\/strong><\/td>\n<td data-col-size=\"xl\" data-start=\"2255\" data-end=\"2453\">Quick battery exchange for nearly continuous operation; modular trays; optional dish\/food cover accessory; works in multi\u2011robot fleets; suitable for restaurants, caf\u00e9s, hotels, events, catering.<\/td>\n<\/tr>\n<\/tbody>\n<\/table>\n<p>https:\/\/roborises.com\/wp-content\/uploads\/2025\/12\/Bellabot.mp4\t\t\t\t\t<\/p>\n<h2 data-start=\"95\" data-end=\"187\"><strong data-start=\"95\" data-end=\"185\">Experience Next-Level Delivery with BellaBot \u2013 Pudu\u2019s Smartest Food Delivery Robot Yet<\/strong><\/h2>\n<p data-start=\"189\" data-end=\"656\">BellaBot, the cutting-edge delivery robot from Pudu, builds on the excellence of its predecessor while taking human-robot interaction to a whole new level. Its innovative bionic design and adorable, approachable appearance make it instantly engaging for customers. Equipped with multi-modal interaction capabilities, BellaBot communicates through lights, animations, touch feedback, and optional voice prompts, creating a lively and interactive delivery experience.<\/p>\n<p data-start=\"658\" data-end=\"979\">With advanced navigation and intelligent obstacle avoidance, BellaBot ensures smooth, efficient, and reliable service in restaurants, hotels, caf\u00e9s, and hospitality venues. Its modern features and user-friendly interface transform routine food delivery into an enjoyable, memorable experience for both staff and guests.<\/p>\n<h2 data-start=\"981\" data-end=\"1007\"><strong data-start=\"981\" data-end=\"1005\">Why Choose BellaBot?<\/strong><\/h2>\n<ul data-start=\"1008\" data-end=\"1317\">\n<li data-start=\"1008\" data-end=\"1070\">\n<p data-start=\"1010\" data-end=\"1070\">Friendly bionic design that delights and engages customers<\/p>\n<\/li>\n<li data-start=\"1071\" data-end=\"1124\">\n<p data-start=\"1073\" data-end=\"1124\">Multi-modal interaction for dynamic communication<\/p>\n<\/li>\n<li data-start=\"1125\" data-end=\"1185\">\n<p data-start=\"1127\" data-end=\"1185\">Intelligent navigation with real-time obstacle avoidance<\/p>\n<\/li>\n<li data-start=\"1186\" data-end=\"1250\">\n<p data-start=\"1188\" data-end=\"1250\">Efficient multi-tray delivery with up to 40\u202fkg load capacity<\/p>\n<\/li>\n<li data-start=\"1251\" data-end=\"1317\">\n<p data-start=\"1253\" data-end=\"1317\">Ideal for restaurants, hotels, caf\u00e9s, and hospitality settings<\/p>\n<\/li>\n<\/ul>\n<p data-start=\"1319\" data-end=\"1409\">Elevate your food service experience with BellaBot \u2013 where innovation meets interaction.<\/p>\n<h3 data-start=\"459\" data-end=\"516\"><strong data-start=\"463\" data-end=\"514\">Smart Navigation for Every Scenario<\/strong><\/h3>\n<p data-start=\"517\" data-end=\"808\">Experience next-level delivery with BellaBot\u2019s Dual SLAM technology. By integrating LiDAR and visual SLAM, it adapts effortlessly to any indoor environment, avoiding obstacles and ensuring timely, accurate delivery\u2014every time. Customers enjoy faster service, and staff enjoy peace of mind.<\/p>\n<h2>Visual SLAM<\/h2>\n<h2>Laser SLAM<\/h2>\n<p>http:\/\/roborises.com\/wp-content\/uploads\/2025\/12\/Bella-1.mp4\t\t\t\t\t<\/p>\n<h3 data-start=\"661\" data-end=\"713\"><strong data-start=\"665\" data-end=\"711\"> Modern and Engaging Appearance<\/strong><\/h3>\n<p data-start=\"714\" data-end=\"919\">With its innovative bionic form, BellaBot combines elegance and functionality. Its carefully measured dimensions, curved edges, and tilted display make it both visually striking and highly user-friendly.<\/p>\n<p>\t\t\t\t\t\t\t\t\t\t\t\t\t<img loading=\"lazy\" decoding=\"async\" width=\"381\" height=\"540\" src=\"http:\/\/roborises.com\/wp-content\/uploads\/2025\/12\/design1.png\" alt=\"\" srcset=\"https:\/\/roborises.com\/wp-content\/uploads\/2025\/12\/design1.png 381w, https:\/\/roborises.com\/wp-content\/uploads\/2025\/12\/design1-212x300.png 212w\" sizes=\"auto, (max-width: 381px) 100vw, 381px\" \/>\t\t\t\t\t\t\t\t\t\t\t\t\t\t\t\t\t\t\t\t\t\t\t\t\t\t<img loading=\"lazy\" decoding=\"async\" width=\"380\" height=\"260\" src=\"http:\/\/roborises.com\/wp-content\/uploads\/2025\/12\/design2.png\" alt=\"\" srcset=\"https:\/\/roborises.com\/wp-content\/uploads\/2025\/12\/design2.png 380w, https:\/\/roborises.com\/wp-content\/uploads\/2025\/12\/design2-300x205.png 300w\" sizes=\"auto, (max-width: 380px) 100vw, 380px\" \/>\t\t\t\t\t\t\t\t\t\t\t\t\t\t\t\t\t\t\t\t\t\t\t\t\t\t<img loading=\"lazy\" decoding=\"async\" width=\"380\" height=\"260\" src=\"http:\/\/roborises.com\/wp-content\/uploads\/2025\/12\/design3.png\" alt=\"\" srcset=\"https:\/\/roborises.com\/wp-content\/uploads\/2025\/12\/design3.png 380w, https:\/\/roborises.com\/wp-content\/uploads\/2025\/12\/design3-300x205.png 300w\" sizes=\"auto, (max-width: 380px) 100vw, 380px\" \/>\t\t\t\t\t\t\t\t\t\t\t\t\t\t\t\t\t\t\t\t\t\t\t\t\t\t<img loading=\"lazy\" decoding=\"async\" width=\"721\" height=\"1024\" src=\"http:\/\/roborises.com\/wp-content\/uploads\/2025\/12\/design4-721x1024.png\" alt=\"\" srcset=\"https:\/\/roborises.com\/wp-content\/uploads\/2025\/12\/design4-721x1024.png 721w, https:\/\/roborises.com\/wp-content\/uploads\/2025\/12\/design4-211x300.png 211w, https:\/\/roborises.com\/wp-content\/uploads\/2025\/12\/design4.png 760w\" sizes=\"auto, (max-width: 721px) 100vw, 721px\" \/>\t\t\t\t\t\t\t\t\t\t\t\t\t\t\t\t\t\t<\/p>\n<h2 data-start=\"110\" data-end=\"183\"><strong data-start=\"110\" data-end=\"181\">Advanced 3D Omnidirectional Obstacle Avoidance for Safer Deliveries<\/strong><\/h2>\n<p data-start=\"185\" data-end=\"591\">BellaBot is equipped with cutting-edge 3D sensors and a modular chassis to ensure maximum safety during every delivery. It detects obstacles from any angle and can stop instantly before smoothly navigating around them. With 3 RGBD cameras combined with LiDAR technology, BellaBot effortlessly avoids both low-lying and overhanging obstacles, providing reliable, worry-free operation in busy environments.<\/p>\n<p>http:\/\/roborises.com\/wp-content\/uploads\/2025\/12\/avoid.mp4\t\t\t\t\t<\/p>\n<h3 data-start=\"101\" data-end=\"166\"><strong data-start=\"101\" data-end=\"164\">High-Frequency Obstacle Detection for Ultra-Safe Navigation<\/strong><\/h3>\n<p data-start=\"168\" data-end=\"445\">BellaBot continuously scans its surroundings with remarkable speed, detecting obstacles up to <strong data-start=\"262\" data-end=\"288\">5,400 times per minute<\/strong>. This rapid sensing ensures it responds instantly to any potential hazards, keeping deliveries smooth, precise, and safe in even the busiest environments.<\/p>\n<h3 data-start=\"102\" data-end=\"154\"><strong data-start=\"102\" data-end=\"152\">Wide-Angle Front Detection for Enhanced Safety<\/strong><\/h3>\n<p data-start=\"156\" data-end=\"485\">BellaBot features a <strong data-start=\"176\" data-end=\"218\">front detection angle of up to 192.64\u00b0<\/strong> and can sense obstacles at a <strong data-start=\"248\" data-end=\"280\">distance exceeding 10 meters<\/strong>. This wide and far-reaching detection capability allows the robot to anticipate and avoid obstacles effectively, ensuring smooth, safe, and uninterrupted deliveries even in busy or complex environments.<\/p>\n<p>https:\/\/roborises.com\/wp-content\/uploads\/2025\/12\/height.mp4https:\/\/roborises.com\/wp-content\/uploads\/2025\/12\/radius.mp4\t\t\t\t\t<\/p>\n<h2 data-start=\"89\" data-end=\"125\"><strong data-start=\"89\" data-end=\"123\">Enhanced Multimodal Engagement<\/strong><\/h2>\n<p>\t\t\t\t\t\t\t\t\t\t\t\t\t<img loading=\"lazy\" decoding=\"async\" width=\"1907\" height=\"707\" src=\"http:\/\/roborises.com\/wp-content\/uploads\/2025\/12\/Untitled-design-3.png\" alt=\"\" srcset=\"https:\/\/roborises.com\/wp-content\/uploads\/2025\/12\/Untitled-design-3.png 1907w, https:\/\/roborises.com\/wp-content\/uploads\/2025\/12\/Untitled-design-3-300x111.png 300w, https:\/\/roborises.com\/wp-content\/uploads\/2025\/12\/Untitled-design-3-1024x380.png 1024w, https:\/\/roborises.com\/wp-content\/uploads\/2025\/12\/Untitled-design-3-768x285.png 768w, https:\/\/roborises.com\/wp-content\/uploads\/2025\/12\/Untitled-design-3-1536x569.png 1536w, https:\/\/roborises.com\/wp-content\/uploads\/2025\/12\/Untitled-design-3-1000x371.png 1000w\" sizes=\"auto, (max-width: 1907px) 100vw, 1907px\" \/>\t\t\t\t\t\t\t\t\t\t\t\t\t<\/p>\n<h2 data-start=\"42\" data-end=\"72\"><strong data-start=\"42\" data-end=\"70\">Dynamic Light Indicators<\/strong><\/h2>\n<p data-start=\"74\" data-end=\"282\">BellaBot uses lights to communicate its status, with different colors and patterns reflecting different modes. This makes it easy for users and customers to understand the robot\u2019s current state at a glance.<\/p>\n<p>\t\t\t\t\t\t\t\t\t\t\t\t\t<img loading=\"lazy\" decoding=\"async\" width=\"760\" height=\"880\" src=\"http:\/\/roborises.com\/wp-content\/uploads\/2025\/12\/light_flash_btn.jpg\" alt=\"\" srcset=\"https:\/\/roborises.com\/wp-content\/uploads\/2025\/12\/light_flash_btn.jpg 760w, https:\/\/roborises.com\/wp-content\/uploads\/2025\/12\/light_flash_btn-259x300.jpg 259w\" sizes=\"auto, (max-width: 760px) 100vw, 760px\" \/>\t\t\t\t\t\t\t\t\t\t\t\t\t\t\t\t\t\t\t\t\t\t\t\t\t\t<img loading=\"lazy\" decoding=\"async\" width=\"760\" height=\"880\" src=\"http:\/\/roborises.com\/wp-content\/uploads\/2025\/12\/light_tray.png\" alt=\"\" srcset=\"https:\/\/roborises.com\/wp-content\/uploads\/2025\/12\/light_tray.png 760w, https:\/\/roborises.com\/wp-content\/uploads\/2025\/12\/light_tray-259x300.png 259w\" sizes=\"auto, (max-width: 760px) 100vw, 760px\" \/>\t\t\t\t\t\t\t\t\t\t\t\t\t\t\t\t\t\t\t\t\t\t\t\t\t\t<img loading=\"lazy\" decoding=\"async\" width=\"760\" height=\"880\" src=\"http:\/\/roborises.com\/wp-content\/uploads\/2025\/12\/light_ear.png\" alt=\"\" srcset=\"https:\/\/roborises.com\/wp-content\/uploads\/2025\/12\/light_ear.png 760w, https:\/\/roborises.com\/wp-content\/uploads\/2025\/12\/light_ear-259x300.png 259w\" sizes=\"auto, (max-width: 760px) 100vw, 760px\" \/><\/p>\n","protected":false},"excerpt":{"rendered":"<ul>\n<li data-start=\"188\" data-end=\"303\">\n<p data-start=\"190\" data-end=\"303\">Autonomous service robot designed for food and item delivery in restaurants, hotels, cafes, and similar venues.<\/p>\n<\/li>\n<li data-start=\"304\" data-end=\"394\">\n<p data-start=\"306\" data-end=\"394\">Features a friendly \u201cbionic\u201d design with a cat\u2011inspired, customer\u2011friendly appearance.<\/p>\n<\/li>\n<li data-start=\"395\" data-end=\"527\">\n<p data-start=\"397\" data-end=\"527\">Supports dual\u2011SLAM navigation (Laser SLAM + Visual SLAM) for stable indoor navigation and mapping in varied indoor environments.<\/p>\n<\/li>\n<li data-start=\"528\" data-end=\"652\">\n<p data-start=\"530\" data-end=\"652\">Equipped with 3D omnidirectional obstacle avoidance (RGBD sensors + cameras) to detect and avoid obstacles in real-time.<\/p>\n<\/li>\n<li data-start=\"653\" data-end=\"806\">\n<p data-start=\"655\" data-end=\"806\">Offers multimodal interaction: light signals, touch feedback, animated \u201cexpressions\u201d, and optional voice interaction \u2014 enhancing customer engagement.<\/p>\n<\/li>\n<li data-start=\"807\" data-end=\"918\">\n<p data-start=\"809\" data-end=\"918\">Carries up to 4 trays (total 40\u202fkg, 10\u202fkg per tray), making it suitable for multi\u2011item deliveries per trip.<\/p>\n<\/li>\n<li data-start=\"919\" data-end=\"1041\">\n<p data-start=\"921\" data-end=\"1041\">Long battery life with replaceable battery enabling extended operation (12\u201324 hours), and quick charging (~4.5 hours).<\/p>\n<\/li>\n<\/ul>\n","protected":false},"featured_media":9139,"comment_status":"open","ping_status":"closed","template":"","meta":[],"product_brand":[106],"product_cat":[199,16],"product_tag":[113,190,99,191,144,110,139,188,92,189],"class_list":{"0":"post-9135","1":"product","2":"type-product","3":"status-publish","4":"has-post-thumbnail","6":"product_brand-pudu","7":"product_cat-commercial-delivery-robots","8":"product_cat-pudu","9":"product_tag-autonomous-robot","10":"product_tag-bellabot","11":"product_tag-delivery-robot","12":"product_tag-food-service-automation","13":"product_tag-hospitality-robot","14":"product_tag-pudu-robotics","15":"product_tag-restaurant-robot","16":"product_tag-robot","17":"product_tag-service-robot","18":"product_tag-smart-delivery","20":"first","21":"instock","22":"shipping-taxable","23":"product-type-simple"},"yoast_head":"<!-- This site is optimized with the Yoast SEO plugin v26.6 - https:\/\/yoast.com\/wordpress\/plugins\/seo\/ -->\n<title>Bellabot Premium Delivery Robot - roborises.com<\/title>\n<meta name=\"robots\" content=\"index, follow, max-snippet:-1, max-image-preview:large, max-video-preview:-1\" \/>\n<link rel=\"canonical\" href=\"https:\/\/roborises.com\/index.php\/product\/bellabot-premium-delivery-robot\/\" \/>\n<meta property=\"og:locale\" content=\"en_US\" \/>\n<meta property=\"og:type\" content=\"article\" \/>\n<meta property=\"og:title\" content=\"Bellabot Premium Delivery Robot - roborises.com\" \/>\n<meta property=\"og:description\" content=\"Autonomous service robot designed for food and item delivery in restaurants, hotels, cafes, and similar venues.    Features a friendly \u201cbionic\u201d design with a cat\u2011inspired, customer\u2011friendly appearance.    Supports dual\u2011SLAM navigation (Laser SLAM + Visual SLAM) for stable indoor navigation and mapping in varied indoor environments.    Equipped with 3D omnidirectional obstacle avoidance (RGBD sensors + cameras) to detect and avoid obstacles in real-time.    Offers multimodal interaction: light signals, touch feedback, animated \u201cexpressions\u201d, and optional voice interaction \u2014 enhancing customer engagement.    Carries up to 4 trays (total 40\u202fkg, 10\u202fkg per tray), making it suitable for multi\u2011item deliveries per trip.    Long battery life with replaceable battery enabling extended operation (12\u201324 hours), and quick charging (~4.5 hours).\" \/>\n<meta property=\"og:url\" content=\"https:\/\/roborises.com\/index.php\/product\/bellabot-premium-delivery-robot\/\" \/>\n<meta property=\"og:site_name\" content=\"roborises.com\" \/>\n<meta property=\"article:modified_time\" content=\"2025-12-12T13:44:16+00:00\" \/>\n<meta property=\"og:image\" content=\"https:\/\/roborises.com\/wp-content\/uploads\/2025\/12\/2-16.png\" \/>\n\t<meta property=\"og:image:width\" content=\"900\" \/>\n\t<meta property=\"og:image:height\" content=\"900\" \/>\n\t<meta property=\"og:image:type\" content=\"image\/png\" \/>\n<meta name=\"twitter:card\" content=\"summary_large_image\" \/>\n<meta name=\"twitter:label1\" content=\"Est. reading time\" \/>\n\t<meta name=\"twitter:data1\" content=\"3 minutes\" \/>\n<script type=\"application\/ld+json\" class=\"yoast-schema-graph\">{\"@context\":\"https:\/\/schema.org\",\"@graph\":[{\"@type\":\"WebPage\",\"@id\":\"https:\/\/roborises.com\/index.php\/product\/bellabot-premium-delivery-robot\/\",\"url\":\"https:\/\/roborises.com\/index.php\/product\/bellabot-premium-delivery-robot\/\",\"name\":\"Bellabot Premium Delivery Robot - roborises.com\",\"isPartOf\":{\"@id\":\"https:\/\/roborises.com\/#website\"},\"primaryImageOfPage\":{\"@id\":\"https:\/\/roborises.com\/index.php\/product\/bellabot-premium-delivery-robot\/#primaryimage\"},\"image\":{\"@id\":\"https:\/\/roborises.com\/index.php\/product\/bellabot-premium-delivery-robot\/#primaryimage\"},\"thumbnailUrl\":\"https:\/\/roborises.com\/wp-content\/uploads\/2025\/12\/2-16.png\",\"datePublished\":\"2025-12-06T09:02:15+00:00\",\"dateModified\":\"2025-12-12T13:44:16+00:00\",\"breadcrumb\":{\"@id\":\"https:\/\/roborises.com\/index.php\/product\/bellabot-premium-delivery-robot\/#breadcrumb\"},\"inLanguage\":\"en-US\",\"potentialAction\":[{\"@type\":\"ReadAction\",\"target\":[\"https:\/\/roborises.com\/index.php\/product\/bellabot-premium-delivery-robot\/\"]}]},{\"@type\":\"ImageObject\",\"inLanguage\":\"en-US\",\"@id\":\"https:\/\/roborises.com\/index.php\/product\/bellabot-premium-delivery-robot\/#primaryimage\",\"url\":\"https:\/\/roborises.com\/wp-content\/uploads\/2025\/12\/2-16.png\",\"contentUrl\":\"https:\/\/roborises.com\/wp-content\/uploads\/2025\/12\/2-16.png\",\"width\":900,\"height\":900,\"caption\":\"Bellabot Premium Delivery Robot\"},{\"@type\":\"BreadcrumbList\",\"@id\":\"https:\/\/roborises.com\/index.php\/product\/bellabot-premium-delivery-robot\/#breadcrumb\",\"itemListElement\":[{\"@type\":\"ListItem\",\"position\":1,\"name\":\"Home\",\"item\":\"http:\/\/roborises.com\/\"},{\"@type\":\"ListItem\",\"position\":2,\"name\":\"Shop\",\"item\":\"https:\/\/roborises.com\/index.php\/shop-2\/\"},{\"@type\":\"ListItem\",\"position\":3,\"name\":\"Bellabot Premium Delivery Robot\"}]},{\"@type\":\"WebSite\",\"@id\":\"https:\/\/roborises.com\/#website\",\"url\":\"https:\/\/roborises.com\/\",\"name\":\"roborises.com\",\"description\":\"The Rise of Intelligent Innovation\",\"potentialAction\":[{\"@type\":\"SearchAction\",\"target\":{\"@type\":\"EntryPoint\",\"urlTemplate\":\"https:\/\/roborises.com\/?s={search_term_string}\"},\"query-input\":{\"@type\":\"PropertyValueSpecification\",\"valueRequired\":true,\"valueName\":\"search_term_string\"}}],\"inLanguage\":\"en-US\"}]}<\/script>\n<!-- \/ Yoast SEO plugin. -->","yoast_head_json":{"title":"Bellabot Premium Delivery Robot - roborises.com","robots":{"index":"index","follow":"follow","max-snippet":"max-snippet:-1","max-image-preview":"max-image-preview:large","max-video-preview":"max-video-preview:-1"},"canonical":"https:\/\/roborises.com\/index.php\/product\/bellabot-premium-delivery-robot\/","og_locale":"en_US","og_type":"article","og_title":"Bellabot Premium Delivery Robot - roborises.com","og_description":"Autonomous service robot designed for food and item delivery in restaurants, hotels, cafes, and similar venues.    Features a friendly \u201cbionic\u201d design with a cat\u2011inspired, customer\u2011friendly appearance.    Supports dual\u2011SLAM navigation (Laser SLAM + Visual SLAM) for stable indoor navigation and mapping in varied indoor environments.    Equipped with 3D omnidirectional obstacle avoidance (RGBD sensors + cameras) to detect and avoid obstacles in real-time.    Offers multimodal interaction: light signals, touch feedback, animated \u201cexpressions\u201d, and optional voice interaction \u2014 enhancing customer engagement.    Carries up to 4 trays (total 40\u202fkg, 10\u202fkg per tray), making it suitable for multi\u2011item deliveries per trip.    Long battery life with replaceable battery enabling extended operation (12\u201324 hours), and quick charging (~4.5 hours).","og_url":"https:\/\/roborises.com\/index.php\/product\/bellabot-premium-delivery-robot\/","og_site_name":"roborises.com","article_modified_time":"2025-12-12T13:44:16+00:00","og_image":[{"width":900,"height":900,"url":"https:\/\/roborises.com\/wp-content\/uploads\/2025\/12\/2-16.png","type":"image\/png"}],"twitter_card":"summary_large_image","twitter_misc":{"Est. reading time":"3 minutes"},"schema":{"@context":"https:\/\/schema.org","@graph":[{"@type":"WebPage","@id":"https:\/\/roborises.com\/index.php\/product\/bellabot-premium-delivery-robot\/","url":"https:\/\/roborises.com\/index.php\/product\/bellabot-premium-delivery-robot\/","name":"Bellabot Premium Delivery Robot - roborises.com","isPartOf":{"@id":"https:\/\/roborises.com\/#website"},"primaryImageOfPage":{"@id":"https:\/\/roborises.com\/index.php\/product\/bellabot-premium-delivery-robot\/#primaryimage"},"image":{"@id":"https:\/\/roborises.com\/index.php\/product\/bellabot-premium-delivery-robot\/#primaryimage"},"thumbnailUrl":"https:\/\/roborises.com\/wp-content\/uploads\/2025\/12\/2-16.png","datePublished":"2025-12-06T09:02:15+00:00","dateModified":"2025-12-12T13:44:16+00:00","breadcrumb":{"@id":"https:\/\/roborises.com\/index.php\/product\/bellabot-premium-delivery-robot\/#breadcrumb"},"inLanguage":"en-US","potentialAction":[{"@type":"ReadAction","target":["https:\/\/roborises.com\/index.php\/product\/bellabot-premium-delivery-robot\/"]}]},{"@type":"ImageObject","inLanguage":"en-US","@id":"https:\/\/roborises.com\/index.php\/product\/bellabot-premium-delivery-robot\/#primaryimage","url":"https:\/\/roborises.com\/wp-content\/uploads\/2025\/12\/2-16.png","contentUrl":"https:\/\/roborises.com\/wp-content\/uploads\/2025\/12\/2-16.png","width":900,"height":900,"caption":"Bellabot Premium Delivery Robot"},{"@type":"BreadcrumbList","@id":"https:\/\/roborises.com\/index.php\/product\/bellabot-premium-delivery-robot\/#breadcrumb","itemListElement":[{"@type":"ListItem","position":1,"name":"Home","item":"http:\/\/roborises.com\/"},{"@type":"ListItem","position":2,"name":"Shop","item":"https:\/\/roborises.com\/index.php\/shop-2\/"},{"@type":"ListItem","position":3,"name":"Bellabot Premium Delivery Robot"}]},{"@type":"WebSite","@id":"https:\/\/roborises.com\/#website","url":"https:\/\/roborises.com\/","name":"roborises.com","description":"The Rise of Intelligent Innovation","potentialAction":[{"@type":"SearchAction","target":{"@type":"EntryPoint","urlTemplate":"https:\/\/roborises.com\/?s={search_term_string}"},"query-input":{"@type":"PropertyValueSpecification","valueRequired":true,"valueName":"search_term_string"}}],"inLanguage":"en-US"}]}},"_links":{"self":[{"href":"https:\/\/roborises.com\/index.php\/wp-json\/wp\/v2\/product\/9135","targetHints":{"allow":["GET"]}}],"collection":[{"href":"https:\/\/roborises.com\/index.php\/wp-json\/wp\/v2\/product"}],"about":[{"href":"https:\/\/roborises.com\/index.php\/wp-json\/wp\/v2\/types\/product"}],"replies":[{"embeddable":true,"href":"https:\/\/roborises.com\/index.php\/wp-json\/wp\/v2\/comments?post=9135"}],"wp:featuredmedia":[{"embeddable":true,"href":"https:\/\/roborises.com\/index.php\/wp-json\/wp\/v2\/media\/9139"}],"wp:attachment":[{"href":"https:\/\/roborises.com\/index.php\/wp-json\/wp\/v2\/media?parent=9135"}],"wp:term":[{"taxonomy":"product_brand","embeddable":true,"href":"https:\/\/roborises.com\/index.php\/wp-json\/wp\/v2\/product_brand?post=9135"},{"taxonomy":"product_cat","embeddable":true,"href":"https:\/\/roborises.com\/index.php\/wp-json\/wp\/v2\/product_cat?post=9135"},{"taxonomy":"product_tag","embeddable":true,"href":"https:\/\/roborises.com\/index.php\/wp-json\/wp\/v2\/product_tag?post=9135"}],"curies":[{"name":"wp","href":"https:\/\/api.w.org\/{rel}","templated":true}]}}